{"id":1333,"date":"2022-03-08T09:05:44","date_gmt":"2022-03-08T09:05:44","guid":{"rendered":"https:\/\/asri.casethemes.net\/business-consulting\/?page_id=1333"},"modified":"2022-03-08T09:05:44","modified_gmt":"2022-03-08T09:05:44","slug":"testimonials","status":"publish","type":"page","link":"https:\/\/abetterhear.com\/es_mx\/testimonials\/","title":{"rendered":"Testimonios"},"content":{"rendered":"<div data-elementor-type=\"wp-page\" data-elementor-id=\"1333\" class=\"elementor elementor-1333\" data-elementor-post-type=\"page\">\n\t\t\t\t        <section class=\"elementor-section elementor-top-section elementor-element elementor-element-6a0a1e3 elementor-section-boxed elementor-section-height-default elementor-section-height-default pxl-type-header-none pxl-row-scroll-none pxl-bg-color-none pxl-section-overlay-none\" data-id=\"6a0a1e3\" data-element_type=\"section\">\n\n                \n                <div class=\"elementor-container elementor-column-gap-extended\">\n                <div class=\"elementor-column elementor-col-100 elementor-top-column elementor-element elementor-element-7823c6e pxl-col-none pxl-column-none\" data-id=\"7823c6e\" data-element_type=\"column\">\r\n        <div class=\"elementor-widget-wrap elementor-element-populated\">\r\n                     \r\n        \t\t<div class=\"elementor-element elementor-element-2a15442 elementor-widget elementor-widget-heading\" data-id=\"2a15442\" data-element_type=\"widget\" data-widget_type=\"heading.default\">\n\t\t\t\t<div class=\"elementor-widget-container\">\n\t\t\t\t\t<div id=\"pxl-heading-2a15442-5183\" class=\"pxl-heading typewriter-color\">\n\t<div class=\"pxl-heading--inner\">\n\t\t\t\t\t<div class=\"pxl-item--subtitle sub-style-gradient\" data-wow-delay=\"ms\">\n\t\t\t\t<span>\n\t\t\t\t\t\t\t\t\t\tTestimonios\t\t\t\t<\/span>\n\t\t\t\t\t\t\t<\/div>\n\t\t\n\t\t\t\t\t<h3 class=\"pxl-item--title  highlight-default\" data-wow-delay=\"ms\">\n\t\t\t\tNos sentimos orgullosos de las rese\u00f1as de nuestros clientes.\t\t\n\t\t\t<\/h3>\n\t\t\n\t\t\t<\/div>\n<\/div>\t\t\t\t<\/div>\n\t\t\t\t<\/div>\n\t\t\t\t<div class=\"elementor-element elementor-element-99c8250 elementor-widget elementor-widget-testimonial_grid\" data-id=\"99c8250\" data-element_type=\"widget\" data-widget_type=\"testimonial_grid.default\">\n\t\t\t\t<div class=\"elementor-widget-container\">\n\t\t\t\t\t    <div class=\"pxl-grid pxl-testimonial-grid pxl-testimonial-grid1\">\r\n        <div class=\"pxl-grid-inner pxl-grid-masonry row\" data-gutter=\"15\">\r\n            <div class=\"grid-sizer col-xl-6 col-lg-6 col-md-6 col-sm-12 col-12\"><\/div>\r\n                            <div class=\"pxl-grid-item col-xl-6 col-lg-6 col-md-6 col-sm-12 col-12\">\r\n                    <div class=\"pxl-item--inner wow fadeInUp\">\r\n                        <div class=\"pxl-item--holder\">\r\n                            <div class=\"pxl-item--shape\"><\/div>\r\n                            <div class=\"pxl-item--desc el-empty\">La mayor\u00eda de los dise\u00f1adores viven en una especie de alternancia con la realidad, creando cosas innecesarias para los dem\u00e1s. Luego se convierten en tendencias.Nuestros clientes recurren a las divisiones especializadas de Asri para obtener un servicio personalizado y acceder al talento m\u00e1s cualificado de la reina\npara su contrataci\u00f3n. <\/div>\r\n                            <div class=\"pxl-item--flex\">\r\n                                <div class=\"pxl-item--star pxl-item--5-star\">\r\n                                    <i class=\"fa fa-star\"><\/i>\r\n                                    <i class=\"fa fa-star\"><\/i>\r\n                                    <i class=\"fa fa-star\"><\/i>\r\n                                    <i class=\"fa fa-star\"><\/i>\r\n                                    <i class=\"fa fa-star\"><\/i>\r\n                                <\/div>\r\n                                                            <\/div>\r\n                        <\/div>\r\n                        <div class=\"pxl-item--bottom pxl-item--flexnw\">\r\n                                                            <div class=\"pxl-item--image\">\r\n                                    <img decoding=\"async\" class=\"no-lazyload\" src=\"https:\/\/abetterhear.com\/wp-content\/uploads\/2022\/03\/avatar1-78x78.jpg\" width=\"78\" height=\"78\" alt=\"avatar1\" title=\"avatar1\" \/>                                <\/div>\r\n                                                        <div class=\"pxl-item--meta\">\r\n                                <h4 class=\"pxl-item--title el-empty\">Arina Deo<\/h4>\r\n                                <div class=\"pxl-item--position el-empty\">Usuario de Themeforest<\/div>\r\n                            <\/div>\r\n                        <\/div>\r\n\r\n                   <\/div>\r\n                <\/div>\r\n                            <div class=\"pxl-grid-item col-xl-6 col-lg-6 col-md-6 col-sm-12 col-12\">\r\n                    <div class=\"pxl-item--inner wow fadeInUp\">\r\n                        <div class=\"pxl-item--holder\">\r\n                            <div class=\"pxl-item--shape\"><\/div>\r\n                            <div class=\"pxl-item--desc el-empty\">Trabajando con varios temas y plantillas de word press en los \u00faltimos a\u00f1os, s\u00f3lo puedo decir que este es el mejor en todos los niveles. Lo uso para mi empresa y los comentarios que tengo ya son todos excelentes. No s\u00f3lo el dise\u00f1o, sino la calidad del c\u00f3digo, la documentaci\u00f3n, las caracter\u00edsticas. Elementor hace que la construcci\u00f3n del sitio sea muy r\u00e1pida.<\/div>\r\n                            <div class=\"pxl-item--flex\">\r\n                                <div class=\"pxl-item--star pxl-item--5-star\">\r\n                                    <i class=\"fa fa-star\"><\/i>\r\n                                    <i class=\"fa fa-star\"><\/i>\r\n                                    <i class=\"fa fa-star\"><\/i>\r\n                                    <i class=\"fa fa-star\"><\/i>\r\n                                    <i class=\"fa fa-star\"><\/i>\r\n                                <\/div>\r\n                                                            <\/div>\r\n                        <\/div>\r\n                        <div class=\"pxl-item--bottom pxl-item--flexnw\">\r\n                                                            <div class=\"pxl-item--image\">\r\n                                    <img decoding=\"async\" class=\"no-lazyload\" src=\"https:\/\/abetterhear.com\/wp-content\/uploads\/2022\/03\/team2-78x78.jpg\" width=\"78\" height=\"78\" alt=\"team2\" title=\"equipo2\" \/>                                <\/div>\r\n                                                        <div class=\"pxl-item--meta\">\r\n                                <h4 class=\"pxl-item--title el-empty\">Richerd Joseph<\/h4>\r\n                                <div class=\"pxl-item--position el-empty\">Usuario de Themeforest<\/div>\r\n                            <\/div>\r\n                        <\/div>\r\n\r\n                   <\/div>\r\n                <\/div>\r\n                            <div class=\"pxl-grid-item col-xl-6 col-lg-6 col-md-6 col-sm-12 col-12\">\r\n                    <div class=\"pxl-item--inner wow fadeInUp\">\r\n                        <div class=\"pxl-item--holder\">\r\n                            <div class=\"pxl-item--shape\"><\/div>\r\n                            <div class=\"pxl-item--desc el-empty\">Este es uno de los MEJORES TEMAS con los que he trabajado. Las campanas y silbatos adicionales a\u00f1adidos a ella son incre\u00edbles. Las caracter\u00edsticas de Elementor a\u00f1aden sabor extra. La atenci\u00f3n al cliente es muy sensible y sorprendente y no se molesta en todos mis tickets abiertos jaja. Son como tener un amigo cercano.<\/div>\r\n                            <div class=\"pxl-item--flex\">\r\n                                <div class=\"pxl-item--star pxl-item--5-star\">\r\n                                    <i class=\"fa fa-star\"><\/i>\r\n                                    <i class=\"fa fa-star\"><\/i>\r\n                                    <i class=\"fa fa-star\"><\/i>\r\n                                    <i class=\"fa fa-star\"><\/i>\r\n                                    <i class=\"fa fa-star\"><\/i>\r\n                                <\/div>\r\n                                                            <\/div>\r\n                        <\/div>\r\n                        <div class=\"pxl-item--bottom pxl-item--flexnw\">\r\n                                                            <div class=\"pxl-item--image\">\r\n                                    <img decoding=\"async\" class=\"no-lazyload\" src=\"https:\/\/abetterhear.com\/wp-content\/uploads\/2022\/03\/team1-78x78.jpg\" width=\"78\" height=\"78\" alt=\"team1\" title=\"equipo1\" \/>                                <\/div>\r\n                                                        <div class=\"pxl-item--meta\">\r\n                                <h4 class=\"pxl-item--title el-empty\">Gwen Johnson<\/h4>\r\n                                <div class=\"pxl-item--position el-empty\">Usuario de Themeforest<\/div>\r\n                            <\/div>\r\n                        <\/div>\r\n\r\n                   <\/div>\r\n                <\/div>\r\n                            <div class=\"pxl-grid-item col-xl-6 col-lg-6 col-md-6 col-sm-12 col-12\">\r\n                    <div class=\"pxl-item--inner wow fadeInUp\">\r\n                        <div class=\"pxl-item--holder\">\r\n                            <div class=\"pxl-item--shape\"><\/div>\r\n                            <div class=\"pxl-item--desc el-empty\">Gran tema, uno de los mejores con los que he trabajado en mucho tiempo. Con todas las funciones y un gran apoyo para los problemas menores que ten\u00eda que eran en realidad mi no ser h\u00e1bil \/ con experiencia suficiente con temas modernos. No s\u00f3lo un gran tema, pero la atenci\u00f3n al cliente es absolutamente excelente.<\/div>\r\n                            <div class=\"pxl-item--flex\">\r\n                                <div class=\"pxl-item--star pxl-item--5-star\">\r\n                                    <i class=\"fa fa-star\"><\/i>\r\n                                    <i class=\"fa fa-star\"><\/i>\r\n                                    <i class=\"fa fa-star\"><\/i>\r\n                                    <i class=\"fa fa-star\"><\/i>\r\n                                    <i class=\"fa fa-star\"><\/i>\r\n                                <\/div>\r\n                                                            <\/div>\r\n                        <\/div>\r\n                        <div class=\"pxl-item--bottom pxl-item--flexnw\">\r\n                                                            <div class=\"pxl-item--image\">\r\n                                    <img loading=\"lazy\" decoding=\"async\" class=\"no-lazyload\" src=\"https:\/\/abetterhear.com\/wp-content\/uploads\/2022\/03\/team4-78x78.jpg\" width=\"78\" height=\"78\" alt=\"team4\" title=\"equipo4\" \/>                                <\/div>\r\n                                                        <div class=\"pxl-item--meta\">\r\n                                <h4 class=\"pxl-item--title el-empty\">Ricky Gufi<\/h4>\r\n                                <div class=\"pxl-item--position el-empty\">Usuario de Themeforest<\/div>\r\n                            <\/div>\r\n                        <\/div>\r\n\r\n                   <\/div>\r\n                <\/div>\r\n                    <\/div>\r\n    <\/div>\r\n\t\t\t\t<\/div>\n\t\t\t\t<\/div>\n\t\t            <\/div>\r\n        <\/div>\r\n        \t\t\t<\/div>\n\t\t<\/section>\n\t\t\t\t<\/div>","protected":false},"excerpt":{"rendered":"<p>Testimonials We feel proud for out Client\u2019s Reviews. Most designers live in some sort of alternate towar reality, creating unnecessary things for each other. Then they become trends.Our clients turn to Asri\u2019s specialised divisions for personalised service and access to the most qualified talent of the queen for their recruitment. Arina Deo Themeforest User Working [&hellip;]<\/p>","protected":false},"author":1,"featured_media":0,"parent":0,"menu_order":0,"comment_status":"closed","ping_status":"closed","template":"","meta":{"footnotes":""},"class_list":["post-1333","page","type-page","status-publish","hentry"],"_links":{"self":[{"href":"https:\/\/abetterhear.com\/es_mx\/wp-json\/wp\/v2\/pages\/1333","targetHints":{"allow":["GET"]}}],"collection":[{"href":"https:\/\/abetterhear.com\/es_mx\/wp-json\/wp\/v2\/pages"}],"about":[{"href":"https:\/\/abetterhear.com\/es_mx\/wp-json\/wp\/v2\/types\/page"}],"author":[{"embeddable":true,"href":"https:\/\/abetterhear.com\/es_mx\/wp-json\/wp\/v2\/users\/1"}],"replies":[{"embeddable":true,"href":"https:\/\/abetterhear.com\/es_mx\/wp-json\/wp\/v2\/comments?post=1333"}],"version-history":[{"count":0,"href":"https:\/\/abetterhear.com\/es_mx\/wp-json\/wp\/v2\/pages\/1333\/revisions"}],"wp:attachment":[{"href":"https:\/\/abetterhear.com\/es_mx\/wp-json\/wp\/v2\/media?parent=1333"}],"curies":[{"name":"wp","href":"https:\/\/api.w.org\/{rel}","templated":true}]}}