{"id":2247,"date":"2022-09-29T02:51:30","date_gmt":"2022-09-29T02:51:30","guid":{"rendered":"https:\/\/asri.casethemes.net\/business-consulting\/?page_id=2247"},"modified":"2022-09-29T02:51:30","modified_gmt":"2022-09-29T02:51:30","slug":"cookie-policy","status":"publish","type":"page","link":"https:\/\/abetterhear.com\/es_mx\/cookie-policy\/","title":{"rendered":"Pol\u00edtica de cookies"},"content":{"rendered":"<div data-elementor-type=\"wp-page\" data-elementor-id=\"2247\" class=\"elementor elementor-2247\" data-elementor-post-type=\"page\">\n\t\t\t\t        <section class=\"elementor-section elementor-top-section elementor-element elementor-element-3334228 elementor-section-boxed elementor-section-height-default elementor-section-height-default pxl-type-header-none pxl-row-scroll-none pxl-bg-color-none pxl-section-overlay-none\" data-id=\"3334228\" data-element_type=\"section\">\n\n                \n                <div class=\"elementor-container elementor-column-gap-extended\">\n                <div class=\"elementor-column elementor-col-100 elementor-top-column elementor-element elementor-element-13b8670 pxl-col-none pxl-column-none\" data-id=\"13b8670\" data-element_type=\"column\">\r\n        <div class=\"elementor-widget-wrap elementor-element-populated\">\r\n                     \r\n        \t\t<div class=\"elementor-element elementor-element-244016c elementor-widget elementor-widget-heading\" data-id=\"244016c\" data-element_type=\"widget\" data-widget_type=\"heading.default\">\n\t\t\t\t<div class=\"elementor-widget-container\">\n\t\t\t\t\t<div id=\"pxl-heading-244016c-4226\" class=\"pxl-heading typewriter-color\">\n\t<div class=\"pxl-heading--inner\">\n\t\t\n\t\t\t\t\t<h3 class=\"pxl-item--title  highlight-default\" data-wow-delay=\"ms\">\n\t\t\t\tAsri Consultants Limited &amp; Agencynomics Limited* Aviso de privacidad.\t\t\n\t\t\t<\/h3>\n\t\t\n\t\t\t<\/div>\n<\/div>\t\t\t\t<\/div>\n\t\t\t\t<\/div>\n\t\t\t\t<div class=\"elementor-element elementor-element-908717f elementor-widget elementor-widget-heading\" data-id=\"908717f\" data-element_type=\"widget\" data-widget_type=\"heading.default\">\n\t\t\t\t<div class=\"elementor-widget-container\">\n\t\t\t\t\t<div id=\"pxl-heading-908717f-2122\" class=\"pxl-heading typewriter-color\">\n\t<div class=\"pxl-heading--inner\">\n\t\t\n\t\t\t\t\t<h3 class=\"pxl-item--title  highlight-default\" data-wow-delay=\"ms\">\n\t\t\t\t\u00bfQu\u00e9 es una galleta?\t\t\n\t\t\t<\/h3>\n\t\t\n\t\t\t<\/div>\n<\/div>\t\t\t\t<\/div>\n\t\t\t\t<\/div>\n\t\t\t\t<div class=\"elementor-element elementor-element-0c926d1 elementor-widget elementor-widget-text_editor\" data-id=\"0c926d1\" data-element_type=\"widget\" data-widget_type=\"text_editor.default\">\n\t\t\t\t<div class=\"elementor-widget-container\">\n\t\t\t\t\t<div class=\"pxl-text-editor\">\n\t<div class=\"pxl-item--inner\" data-wow-delay=\"ms\">\n\t\tUna cookie es un peque\u00f1o archivo de texto que almacena el navegador en su ordenador o dispositivo m\u00f3vil. La cookie puede ser le\u00edda por la empresa que la coloc\u00f3 all\u00ed para poder reconocer el navegador en uso en ese dispositivo. Las cookies pueden proporcionar \"datos agregados\", es decir, datos que contabilizan cu\u00e1ntos visitantes realizan determinadas acciones. Pueden leerse como \u00fanicos pero no identificarle como individuo o, particularmente en el caso de las cookies de registro, las cookies pueden asociarse a datos que s\u00ed le identifican.\t\t\n\t<\/div>\n<\/div>\t\t\t\t<\/div>\n\t\t\t\t<\/div>\n\t\t\t\t<div class=\"elementor-element elementor-element-7b20cdc elementor-widget elementor-widget-heading\" data-id=\"7b20cdc\" data-element_type=\"widget\" data-widget_type=\"heading.default\">\n\t\t\t\t<div class=\"elementor-widget-container\">\n\t\t\t\t\t<div id=\"pxl-heading-7b20cdc-5450\" class=\"pxl-heading typewriter-color\">\n\t<div class=\"pxl-heading--inner\">\n\t\t\n\t\t\t\t\t<h3 class=\"pxl-item--title  highlight-default\" data-wow-delay=\"ms\">\n\t\t\t\t\u00bfC\u00f3mo utilizamos las cookies?\t\t\n\t\t\t<\/h3>\n\t\t\n\t\t\t<\/div>\n<\/div>\t\t\t\t<\/div>\n\t\t\t\t<\/div>\n\t\t\t\t<div class=\"elementor-element elementor-element-e110959 elementor-widget elementor-widget-heading\" data-id=\"e110959\" data-element_type=\"widget\" data-widget_type=\"heading.default\">\n\t\t\t\t<div class=\"elementor-widget-container\">\n\t\t\t\t\t<div id=\"pxl-heading-e110959-9973\" class=\"pxl-heading typewriter-color\">\n\t<div class=\"pxl-heading--inner\">\n\t\t\n\t\t\t\t\t<h3 class=\"pxl-item--title  highlight-default\" data-wow-delay=\"ms\">\n\t\t\t\tCookies relacionadas con formularios\t\t\n\t\t\t<\/h3>\n\t\t\n\t\t\t<\/div>\n<\/div>\t\t\t\t<\/div>\n\t\t\t\t<\/div>\n\t\t\t\t<div class=\"elementor-element elementor-element-3d5437d elementor-widget elementor-widget-text_editor\" data-id=\"3d5437d\" data-element_type=\"widget\" data-widget_type=\"text_editor.default\">\n\t\t\t\t<div class=\"elementor-widget-container\">\n\t\t\t\t\t<div class=\"pxl-text-editor\">\n\t<div class=\"pxl-item--inner\" data-wow-delay=\"ms\">\n\t\tCuando usted env\u00eda datos a trav\u00e9s de un formulario, como los que se encuentran en las p\u00e1ginas de contacto o en los formularios de comentarios, pueden instalarse cookies para recordar sus datos de usuario para futuras correspondencias.\t\t\n\t<\/div>\n<\/div>\t\t\t\t<\/div>\n\t\t\t\t<\/div>\n\t\t\t\t<div class=\"elementor-element elementor-element-084fbcd elementor-widget elementor-widget-heading\" data-id=\"084fbcd\" data-element_type=\"widget\" data-widget_type=\"heading.default\">\n\t\t\t\t<div class=\"elementor-widget-container\">\n\t\t\t\t\t<div id=\"pxl-heading-084fbcd-4035\" class=\"pxl-heading typewriter-color\">\n\t<div class=\"pxl-heading--inner\">\n\t\t\n\t\t\t\t\t<h3 class=\"pxl-item--title  highlight-default\" data-wow-delay=\"ms\">\n\t\t\t\tCookies de preferencias del sitio\t\t\n\t\t\t<\/h3>\n\t\t\n\t\t\t<\/div>\n<\/div>\t\t\t\t<\/div>\n\t\t\t\t<\/div>\n\t\t\t\t<div class=\"elementor-element elementor-element-c13a330 elementor-widget elementor-widget-text_editor\" data-id=\"c13a330\" data-element_type=\"widget\" data-widget_type=\"text_editor.default\">\n\t\t\t\t<div class=\"elementor-widget-container\">\n\t\t\t\t\t<div class=\"pxl-text-editor\">\n\t<div class=\"pxl-item--inner\" data-wow-delay=\"ms\">\n\t\tCon el fin de proporcionarle una gran experiencia en este sitio le proporcionamos la funcionalidad para establecer sus preferencias sobre c\u00f3mo funciona este sitio cuando usted lo utiliza. Con el fin de recordar sus preferencias que necesitamos para establecer cookies para que esta informaci\u00f3n puede ser llamada cada vez que interact\u00faa con una p\u00e1gina se ve afectada por sus preferencias.\t\t\n\t<\/div>\n<\/div>\t\t\t\t<\/div>\n\t\t\t\t<\/div>\n\t\t\t\t<div class=\"elementor-element elementor-element-c83fa36 elementor-widget elementor-widget-heading\" data-id=\"c83fa36\" data-element_type=\"widget\" data-widget_type=\"heading.default\">\n\t\t\t\t<div class=\"elementor-widget-container\">\n\t\t\t\t\t<div id=\"pxl-heading-c83fa36-5959\" class=\"pxl-heading typewriter-color\">\n\t<div class=\"pxl-heading--inner\">\n\t\t\n\t\t\t\t\t<h3 class=\"pxl-item--title  highlight-default\" data-wow-delay=\"ms\">\n\t\t\t\tCookies de terceros\t\t\n\t\t\t<\/h3>\n\t\t\n\t\t\t<\/div>\n<\/div>\t\t\t\t<\/div>\n\t\t\t\t<\/div>\n\t\t\t\t<div class=\"elementor-element elementor-element-8286405 elementor-widget elementor-widget-text_editor\" data-id=\"8286405\" data-element_type=\"widget\" data-widget_type=\"text_editor.default\">\n\t\t\t\t<div class=\"elementor-widget-container\">\n\t\t\t\t\t<div class=\"pxl-text-editor\">\n\t<div class=\"pxl-item--inner\" data-wow-delay=\"ms\">\n\t\tEn algunos casos especiales tambi\u00e9n utilizamos cookies proporcionadas por terceros de confianza. Las anal\u00edticas de terceros se utilizan para rastrear y medir el uso de este sitio, de modo que podamos seguir produciendo contenidos atractivos. Estas cookies pueden rastrear cosas como el tiempo que pasa en el sitio o las p\u00e1ginas que visita, lo que nos ayuda a entender c\u00f3mo podemos mejorar el sitio para usted. De vez en cuando probamos nuevas funciones y realizamos cambios sutiles en el funcionamiento del sitio. Cuando todav\u00eda estamos probando nuevas funciones, estas cookies pueden utilizarse para garantizar que usted recibe una experiencia coherente mientras visita el sitio, al tiempo que nos aseguramos de comprender qu\u00e9 optimizaciones aprecian m\u00e1s nuestros usuarios. En la siguiente secci\u00f3n se detallan las cookies de terceros que puede encontrar en este sitio.\t\t\n\t<\/div>\n<\/div>\t\t\t\t<\/div>\n\t\t\t\t<\/div>\n\t\t\t\t<div class=\"elementor-element elementor-element-12c0b82 elementor-widget elementor-widget-heading\" data-id=\"12c0b82\" data-element_type=\"widget\" data-widget_type=\"heading.default\">\n\t\t\t\t<div class=\"elementor-widget-container\">\n\t\t\t\t\t<div id=\"pxl-heading-12c0b82-3359\" class=\"pxl-heading typewriter-color\">\n\t<div class=\"pxl-heading--inner\">\n\t\t\n\t\t\t\t\t<h3 class=\"pxl-item--title  highlight-default\" data-wow-delay=\"ms\">\n\t\t\t\tCookies de Google Analytics\t\t\n\t\t\t<\/h3>\n\t\t\n\t\t\t<\/div>\n<\/div>\t\t\t\t<\/div>\n\t\t\t\t<\/div>\n\t\t\t\t<div class=\"elementor-element elementor-element-3f6ccb8 elementor-widget elementor-widget-text_editor\" data-id=\"3f6ccb8\" data-element_type=\"widget\" data-widget_type=\"text_editor.default\">\n\t\t\t\t<div class=\"elementor-widget-container\">\n\t\t\t\t\t<div class=\"pxl-text-editor\">\n\t<div class=\"pxl-item--inner\" data-wow-delay=\"ms\">\n\t\tEste sitio utiliza Google Analytics, una de las soluciones anal\u00edticas m\u00e1s extendidas y fiables de la web, para ayudarnos a comprender c\u00f3mo utiliza usted el sitio y c\u00f3mo podemos mejorar su experiencia. Estas cookies pueden rastrear cosas como el tiempo que pasa en el sitio y las p\u00e1ginas que visita para que podamos seguir produciendo contenido atractivo. Para m\u00e1s informaci\u00f3n sobre las cookies de Google Analytics, consulte la p\u00e1gina oficial de Google Analytics.\t\t\n\t<\/div>\n<\/div>\t\t\t\t<\/div>\n\t\t\t\t<\/div>\n\t\t\t\t<div class=\"elementor-element elementor-element-993b2f6 elementor-widget elementor-widget-heading\" data-id=\"993b2f6\" data-element_type=\"widget\" data-widget_type=\"heading.default\">\n\t\t\t\t<div class=\"elementor-widget-container\">\n\t\t\t\t\t<div id=\"pxl-heading-993b2f6-4125\" class=\"pxl-heading typewriter-color\">\n\t<div class=\"pxl-heading--inner\">\n\t\t\n\t\t\t\t\t<h3 class=\"pxl-item--title  highlight-default\" data-wow-delay=\"ms\">\n\t\t\t\tCookies de redes sociales\t\t\n\t\t\t<\/h3>\n\t\t\n\t\t\t<\/div>\n<\/div>\t\t\t\t<\/div>\n\t\t\t\t<\/div>\n\t\t\t\t<div class=\"elementor-element elementor-element-944366b elementor-widget elementor-widget-text_editor\" data-id=\"944366b\" data-element_type=\"widget\" data-widget_type=\"text_editor.default\">\n\t\t\t\t<div class=\"elementor-widget-container\">\n\t\t\t\t\t<div class=\"pxl-text-editor\">\n\t<div class=\"pxl-item--inner\" data-wow-delay=\"ms\">\n\t\tSi utiliza las redes sociales u otras credenciales de terceros para iniciar sesi\u00f3n en nuestros sitios, es posible que esa organizaci\u00f3n tercera instale una cookie que le permita reconocerle. La organizaci\u00f3n de terceros puede utilizar esa cookie para sus propios fines. La organizaci\u00f3n tambi\u00e9n puede mostrarle anuncios y contenidos nuestros cuando visite sus sitios web o utilice sus aplicaciones. Adem\u00e1s, si utiliza un bot\u00f3n o widget para compartir en redes sociales en uno de nuestros sitios, la red social que cre\u00f3 el bot\u00f3n registrar\u00e1 su acci\u00f3n para sus propios fines. Por favor, consulte la pol\u00edtica de privacidad y protecci\u00f3n de datos de cada red social para entender (a) su uso de cookies; (b) c\u00f3mo le rastrea desde nuestros sitios; y (c) c\u00f3mo controlar dichas cookies y botones.\t\t\n\t<\/div>\n<\/div>\t\t\t\t<\/div>\n\t\t\t\t<\/div>\n\t\t\t\t<div class=\"elementor-element elementor-element-8e5b4ca elementor-widget elementor-widget-heading\" data-id=\"8e5b4ca\" data-element_type=\"widget\" data-widget_type=\"heading.default\">\n\t\t\t\t<div class=\"elementor-widget-container\">\n\t\t\t\t\t<div id=\"pxl-heading-8e5b4ca-4442\" class=\"pxl-heading typewriter-color\">\n\t<div class=\"pxl-heading--inner\">\n\t\t\n\t\t\t\t\t<h3 class=\"pxl-item--title  highlight-default\" data-wow-delay=\"ms\">\n\t\t\t\t\u00bfC\u00f3mo desactivo las cookies?\t\t\n\t\t\t<\/h3>\n\t\t\n\t\t\t<\/div>\n<\/div>\t\t\t\t<\/div>\n\t\t\t\t<\/div>\n\t\t\t\t<div class=\"elementor-element elementor-element-bf731f7 elementor-widget elementor-widget-text_editor\" data-id=\"bf731f7\" data-element_type=\"widget\" data-widget_type=\"text_editor.default\">\n\t\t\t\t<div class=\"elementor-widget-container\">\n\t\t\t\t\t<div class=\"pxl-text-editor\">\n\t<div class=\"pxl-item--inner\" data-wow-delay=\"ms\">\n\t\tTodos los navegadores modernos permiten desactivar las cookies o dejar de aceptarlas. Normalmente encontrar\u00e1 la configuraci\u00f3n para hacerlo en el men\u00fa \"Opciones\" o \"Preferencias\" del navegador de su dispositivo o puede utilizar la opci\u00f3n \"Ayuda\" para obtener m\u00e1s detalles. Recuerde que la desactivaci\u00f3n de algunas cookies puede hacer que nuestros sitios no funcionen como es debido.\t\t\n\t<\/div>\n<\/div>\t\t\t\t<\/div>\n\t\t\t\t<\/div>\n\t\t\t\t<div class=\"elementor-element elementor-element-586d08e elementor-widget elementor-widget-text_editor\" data-id=\"586d08e\" data-element_type=\"widget\" data-widget_type=\"text_editor.default\">\n\t\t\t\t<div class=\"elementor-widget-container\">\n\t\t\t\t\t<div class=\"pxl-text-editor\">\n\t<div class=\"pxl-item--inner\" data-wow-delay=\"ms\">\n\t\t*Agencynomics es una filial de <a href=\"#\">Asri Consultants Limited<\/a>\t\t\n\t<\/div>\n<\/div>\t\t\t\t<\/div>\n\t\t\t\t<\/div>\n\t\t            <\/div>\r\n        <\/div>\r\n        \t\t\t<\/div>\n\t\t<\/section>\n\t\t\t\t<\/div>","protected":false},"excerpt":{"rendered":"<p>Asri Consultants Limited &#038; Agencynomics Limited* Privacy Notice. What is a cookie? A cookie is a small text file that is stored by the browser on your computer or mobile device. The cookie can be read by the company that placed it there so that the browser in use on that device can be recognized. [&hellip;]<\/p>","protected":false},"author":1,"featured_media":0,"parent":0,"menu_order":0,"comment_status":"closed","ping_status":"closed","template":"","meta":{"footnotes":""},"class_list":["post-2247","page","type-page","status-publish","hentry"],"_links":{"self":[{"href":"https:\/\/abetterhear.com\/es_mx\/wp-json\/wp\/v2\/pages\/2247","targetHints":{"allow":["GET"]}}],"collection":[{"href":"https:\/\/abetterhear.com\/es_mx\/wp-json\/wp\/v2\/pages"}],"about":[{"href":"https:\/\/abetterhear.com\/es_mx\/wp-json\/wp\/v2\/types\/page"}],"author":[{"embeddable":true,"href":"https:\/\/abetterhear.com\/es_mx\/wp-json\/wp\/v2\/users\/1"}],"replies":[{"embeddable":true,"href":"https:\/\/abetterhear.com\/es_mx\/wp-json\/wp\/v2\/comments?post=2247"}],"version-history":[{"count":0,"href":"https:\/\/abetterhear.com\/es_mx\/wp-json\/wp\/v2\/pages\/2247\/revisions"}],"wp:attachment":[{"href":"https:\/\/abetterhear.com\/es_mx\/wp-json\/wp\/v2\/media?parent=2247"}],"curies":[{"name":"wp","href":"https:\/\/api.w.org\/{rel}","templated":true}]}}