{"id":2722,"date":"2025-01-03T19:56:40","date_gmt":"2025-01-03T23:56:40","guid":{"rendered":"https:\/\/abetterhear.com\/?page_id=2722"},"modified":"2025-01-03T19:58:58","modified_gmt":"2025-01-03T23:58:58","slug":"preventive-hearing-protection","status":"publish","type":"page","link":"https:\/\/abetterhear.com\/es_mx\/preventive-hearing-protection\/","title":{"rendered":"Protecci\u00f3n auditiva preventiva"},"content":{"rendered":"<div data-elementor-type=\"wp-page\" data-elementor-id=\"2722\" class=\"elementor elementor-2722\" data-elementor-post-type=\"page\">\n\t\t\t\t        <section class=\"elementor-section elementor-top-section elementor-element elementor-element-7da89e4 elementor-section-stretched elementor-section-full_width elementor-section-height-default elementor-section-height-default pxl-type-header-none pxl-row-scroll-none pxl-full-content-with-space-none pxl-bg-color-none pxl-section-overlay-none\" data-id=\"7da89e4\" data-element_type=\"section\" data-settings=\"{&quot;stretch_section&quot;:&quot;section-stretched&quot;,&quot;background_background&quot;:&quot;classic&quot;}\">\n\n                \n                <div class=\"elementor-container elementor-column-gap-extended\">\n                <div class=\"elementor-column elementor-col-100 elementor-top-column elementor-element elementor-element-e00a106 pxl-col-none pxl-column-none\" data-id=\"e00a106\" data-element_type=\"column\">\r\n        <div class=\"elementor-widget-wrap elementor-element-populated\">\r\n                     \r\n                <section class=\"elementor-section elementor-inner-section elementor-element elementor-element-827bc0b elementor-section-boxed elementor-section-height-default elementor-section-height-default pxl-type-header-none pxl-row-scroll-none pxl-bg-color-none pxl-section-overlay-none\" data-id=\"827bc0b\" data-element_type=\"section\">\n\n                \n                <div class=\"elementor-container elementor-column-gap-extended\">\n                <div class=\"elementor-column elementor-col-100 elementor-inner-column elementor-element elementor-element-703af2d pxl-col-none pxl-column-none\" data-id=\"703af2d\" data-element_type=\"column\">\r\n        <div class=\"elementor-widget-wrap elementor-element-populated\">\r\n                     \r\n        \t\t<div class=\"elementor-element elementor-element-938c1c4 elementor-widget elementor-widget-heading\" data-id=\"938c1c4\" data-element_type=\"widget\" data-widget_type=\"heading.default\">\n\t\t\t\t<div class=\"elementor-widget-container\">\n\t\t\t\t\t<div id=\"pxl-heading-938c1c4-2351\" class=\"pxl-heading typewriter-color\">\n\t<div class=\"pxl-heading--inner\">\n\t\t\t\t\t<div class=\"pxl-item--subtitle sub-style-gradient\" data-wow-delay=\"ms\">\n\t\t\t\t<span>\n\t\t\t\t\t\t\t\t\t\tServicios\t\t\t\t<\/span>\n\t\t\t\t\t\t\t<\/div>\n\t\t\n\t\t\t\t\t<h3 class=\"pxl-item--title  highlight-default\" data-wow-delay=\"ms\">\n\t\t\t\tProtecci\u00f3n auditiva preventiva\t\t\n\t\t\t<\/h3>\n\t\t\n\t\t\t<\/div>\n<\/div>\t\t\t\t<\/div>\n\t\t\t\t<\/div>\n\t\t\t\t<div class=\"elementor-element elementor-element-9c96055 elementor-widget elementor-widget-text_editor\" data-id=\"9c96055\" data-element_type=\"widget\" data-widget_type=\"text_editor.default\">\n\t\t\t\t<div class=\"elementor-widget-container\">\n\t\t\t\t\t<div class=\"pxl-text-editor\">\n\t<div class=\"pxl-item--inner\" data-wow-delay=\"ms\">\n\t\t<p>Tapones a medida y orientaci\u00f3n para evitar da\u00f1os auditivos por ruido o infecciones.<\/p>\t\t\n\t<\/div>\n<\/div>\t\t\t\t<\/div>\n\t\t\t\t<\/div>\n\t\t            <\/div>\r\n        <\/div>\r\n        \t\t\t<\/div>\n\t\t<\/section>\n\t\t        <section class=\"elementor-section elementor-inner-section elementor-element elementor-element-4596ef7 elementor-section-full_width elementor-reverse-mobile elementor-section-height-default elementor-section-height-default pxl-type-header-none pxl-row-scroll-none pxl-full-content-with-space-none pxl-bg-color-none pxl-section-overlay-none\" data-id=\"4596ef7\" data-element_type=\"section\">\n\n                \n                <div class=\"elementor-container elementor-column-gap-extended\">\n                <div class=\"elementor-column elementor-col-50 elementor-inner-column elementor-element elementor-element-5c94914 pxl-col-none pxl-column-none\" data-id=\"5c94914\" data-element_type=\"column\" data-settings=\"{&quot;background_background&quot;:&quot;classic&quot;}\">\r\n        <div class=\"elementor-widget-wrap elementor-element-populated\">\r\n                                <div class=\"elementor-background-overlay\"><\/div>\r\n         \r\n        \t\t<div class=\"elementor-element elementor-element-f6bcc9e elementor-widget elementor-widget-image\" data-id=\"f6bcc9e\" data-element_type=\"widget\" data-widget_type=\"image.default\">\n\t\t\t\t<div class=\"elementor-widget-container\">\n\t\t\t\t\t\t\t\t\t\t\t\t\t\t\t<img decoding=\"async\" width=\"300\" height=\"86\" src=\"https:\/\/abetterhear.com\/wp-content\/uploads\/2022\/03\/Logo-ABH2-300x86.png\" class=\"attachment-medium size-medium wp-image-2411\" alt=\"\" srcset=\"https:\/\/abetterhear.com\/wp-content\/uploads\/2022\/03\/Logo-ABH2-300x86.png 300w, https:\/\/abetterhear.com\/wp-content\/uploads\/2022\/03\/Logo-ABH2-1024x293.png 1024w, https:\/\/abetterhear.com\/wp-content\/uploads\/2022\/03\/Logo-ABH2-768x220.png 768w, https:\/\/abetterhear.com\/wp-content\/uploads\/2022\/03\/Logo-ABH2-18x5.png 18w, https:\/\/abetterhear.com\/wp-content\/uploads\/2022\/03\/Logo-ABH2-1170x335.png 1170w, https:\/\/abetterhear.com\/wp-content\/uploads\/2022\/03\/Logo-ABH2-600x172.png 600w, https:\/\/abetterhear.com\/wp-content\/uploads\/2022\/03\/Logo-ABH2.png 1370w\" sizes=\"(max-width: 300px) 100vw, 300px\" \/>\t\t\t\t\t\t\t\t\t\t\t\t\t\t\t<\/div>\n\t\t\t\t<\/div>\n\t\t            <\/div>\r\n        <\/div>\r\n                <div class=\"elementor-column elementor-col-50 elementor-inner-column elementor-element elementor-element-f4152f7 pxl-col-none pxl-column-none\" data-id=\"f4152f7\" data-element_type=\"column\">\r\n        <div class=\"elementor-widget-wrap elementor-element-populated\">\r\n                     \r\n        \t\t<div class=\"elementor-element elementor-element-9f6705b elementor-widget elementor-widget-text_editor\" data-id=\"9f6705b\" data-element_type=\"widget\" data-widget_type=\"text_editor.default\">\n\t\t\t\t<div class=\"elementor-widget-container\">\n\t\t\t\t\t<div class=\"pxl-text-editor\">\n\t<div class=\"pxl-item--inner\" data-wow-delay=\"ms\">\n\t\t<h5>Tapones personalizados<\/h5>\t\t\n\t<\/div>\n<\/div>\t\t\t\t<\/div>\n\t\t\t\t<\/div>\n\t\t\t\t<div class=\"elementor-element elementor-element-e725ea0 elementor-widget elementor-widget-link\" data-id=\"e725ea0\" data-element_type=\"widget\" data-widget_type=\"link.default\">\n\t\t\t\t<div class=\"elementor-widget-container\">\n\t\t\t\t\t    <ul id=\"pxl-link-link-e725ea0-8418\" class=\"pxl-link pxl-link-l1  hv-style1 ft-walsheim\" data-wow-delay=\"ms\">\r\n                        <li>\r\n                    <a >\r\n                        <i aria-hidden=\"true\" class=\"far fa-check-circle\"><\/i>                        <span class=\"text-color\">Protectores auditivos a medida para m\u00fasicos, trabajadores en entornos ruidosos y nadadores.<\/span>\r\n                    <\/a>\r\n                <\/li>\r\n            <\/ul>\r\n\t\t\t\t<\/div>\n\t\t\t\t<\/div>\n\t\t\t\t<div class=\"elementor-element elementor-element-973128c elementor-widget elementor-widget-text_editor\" data-id=\"973128c\" data-element_type=\"widget\" data-widget_type=\"text_editor.default\">\n\t\t\t\t<div class=\"elementor-widget-container\">\n\t\t\t\t\t<div class=\"pxl-text-editor\">\n\t<div class=\"pxl-item--inner\" data-wow-delay=\"ms\">\n\t\t<h5>Asesoramiento sobre protecci\u00f3n auditiva<\/h5>\t\t\n\t<\/div>\n<\/div>\t\t\t\t<\/div>\n\t\t\t\t<\/div>\n\t\t\t\t<div class=\"elementor-element elementor-element-babc979 elementor-widget elementor-widget-link\" data-id=\"babc979\" data-element_type=\"widget\" data-widget_type=\"link.default\">\n\t\t\t\t<div class=\"elementor-widget-container\">\n\t\t\t\t\t    <ul id=\"pxl-link-link-babc979-7836\" class=\"pxl-link pxl-link-l1  hv-style1 ft-walsheim\" data-wow-delay=\"ms\">\r\n                        <li>\r\n                    <a >\r\n                        <i aria-hidden=\"true\" class=\"far fa-check-circle\"><\/i>                        <span class=\"text-color\">Orientaci\u00f3n sobre c\u00f3mo prevenir la p\u00e9rdida de audici\u00f3n debida a la exposici\u00f3n al ruido o a infecciones recurrentes.<\/span>\r\n                    <\/a>\r\n                <\/li>\r\n            <\/ul>\r\n\t\t\t\t<\/div>\n\t\t\t\t<\/div>\n\t\t\t\t<div class=\"elementor-element elementor-element-41509e1 elementor-align-center elementor-widget elementor-widget-el_button\" data-id=\"41509e1\" data-element_type=\"widget\" data-widget_type=\"el_button.default\">\n\t\t\t\t<div class=\"elementor-widget-container\">\n\t\t\t\t\t<div id=\"pxl-el_button-41509e1-6829\" class=\"pxl-button\">\r\n    <div class=\"pxl-inline-css\"  data-css=\"        \">\r\n    <\/div>\r\n    <a href=\"https:\/\/abetterhear.com\/es_mx\/hearing-care-services\/\" class=\"btn   btn-block-inline    btn-default  pxl-icon--left\" data-wow-delay=\"ms\">\r\n                        \r\n                <span class=\"pxl--btn-text\" data-text=\"Make an Appointment\">\r\n            Concierte una cita        <\/span>\r\n                            <\/a>\r\n<\/div>\t\t\t\t<\/div>\n\t\t\t\t<\/div>\n\t\t            <\/div>\r\n        <\/div>\r\n        \t\t\t<\/div>\n\t\t<\/section>\n\t\t        <section class=\"elementor-section elementor-inner-section elementor-element elementor-element-b7d18a9 elementor-section-full_width elementor-hidden-desktop elementor-hidden-tablet elementor-hidden-mobile elementor-section-height-default elementor-section-height-default pxl-type-header-none pxl-row-scroll-none pxl-full-content-with-space-none pxl-bg-color-none pxl-section-overlay-none\" data-id=\"b7d18a9\" data-element_type=\"section\">\n\n                \n                <div class=\"elementor-container elementor-column-gap-extended\">\n                <div class=\"elementor-column elementor-col-50 elementor-inner-column elementor-element elementor-element-0320e5e pxl-col-none pxl-column-none\" data-id=\"0320e5e\" data-element_type=\"column\" data-settings=\"{&quot;background_background&quot;:&quot;classic&quot;}\">\r\n        <div class=\"elementor-widget-wrap elementor-element-populated\">\r\n                                <div class=\"elementor-background-overlay\"><\/div>\r\n         \r\n        \t\t<div class=\"elementor-element elementor-element-10c65af elementor-widget elementor-widget-image\" data-id=\"10c65af\" data-element_type=\"widget\" data-widget_type=\"image.default\">\n\t\t\t\t<div class=\"elementor-widget-container\">\n\t\t\t\t\t\t\t\t\t\t\t\t\t\t\t<img decoding=\"async\" width=\"300\" height=\"86\" src=\"https:\/\/abetterhear.com\/wp-content\/uploads\/2022\/03\/Logo-ABH2-300x86.png\" class=\"attachment-medium size-medium wp-image-2411\" alt=\"\" srcset=\"https:\/\/abetterhear.com\/wp-content\/uploads\/2022\/03\/Logo-ABH2-300x86.png 300w, https:\/\/abetterhear.com\/wp-content\/uploads\/2022\/03\/Logo-ABH2-1024x293.png 1024w, https:\/\/abetterhear.com\/wp-content\/uploads\/2022\/03\/Logo-ABH2-768x220.png 768w, https:\/\/abetterhear.com\/wp-content\/uploads\/2022\/03\/Logo-ABH2-18x5.png 18w, https:\/\/abetterhear.com\/wp-content\/uploads\/2022\/03\/Logo-ABH2-1170x335.png 1170w, https:\/\/abetterhear.com\/wp-content\/uploads\/2022\/03\/Logo-ABH2-600x172.png 600w, https:\/\/abetterhear.com\/wp-content\/uploads\/2022\/03\/Logo-ABH2.png 1370w\" sizes=\"(max-width: 300px) 100vw, 300px\" \/>\t\t\t\t\t\t\t\t\t\t\t\t\t\t\t<\/div>\n\t\t\t\t<\/div>\n\t\t            <\/div>\r\n        <\/div>\r\n                <div class=\"elementor-column elementor-col-50 elementor-inner-column elementor-element elementor-element-15f97d4 pxl-col-none pxl-column-none\" data-id=\"15f97d4\" data-element_type=\"column\">\r\n        <div class=\"elementor-widget-wrap elementor-element-populated\">\r\n                     \r\n        \t\t<div class=\"elementor-element elementor-element-8145dd2 elementor-widget elementor-widget-text_editor\" data-id=\"8145dd2\" data-element_type=\"widget\" data-widget_type=\"text_editor.default\">\n\t\t\t\t<div class=\"elementor-widget-container\">\n\t\t\t\t\t<div class=\"pxl-text-editor\">\n\t<div class=\"pxl-item--inner\" data-wow-delay=\"ms\">\n\t\t<h5>Pruebas de reconocimiento del habla<\/h5>\t\t\n\t<\/div>\n<\/div>\t\t\t\t<\/div>\n\t\t\t\t<\/div>\n\t\t\t\t<div class=\"elementor-element elementor-element-7e7a13d elementor-widget elementor-widget-link\" data-id=\"7e7a13d\" data-element_type=\"widget\" data-widget_type=\"link.default\">\n\t\t\t\t<div class=\"elementor-widget-container\">\n\t\t\t\t\t    <ul id=\"pxl-link-link-7e7a13d-2405\" class=\"pxl-link pxl-link-l1  hv-style1 ft-walsheim\" data-wow-delay=\"ms\">\r\n                        <li>\r\n                    <a >\r\n                        <i aria-hidden=\"true\" class=\"far fa-check-circle\"><\/i>                        <span class=\"text-color\">Evaluaciones para determinar la capacidad del paciente para comprender palabras y frases a distintos niveles de sonido.<\/span>\r\n                    <\/a>\r\n                <\/li>\r\n            <\/ul>\r\n\t\t\t\t<\/div>\n\t\t\t\t<\/div>\n\t\t\t\t<div class=\"elementor-element elementor-element-b211da9 elementor-widget elementor-widget-text_editor\" data-id=\"b211da9\" data-element_type=\"widget\" data-widget_type=\"text_editor.default\">\n\t\t\t\t<div class=\"elementor-widget-container\">\n\t\t\t\t\t<div class=\"pxl-text-editor\">\n\t<div class=\"pxl-item--inner\" data-wow-delay=\"ms\">\n\t\t<h5>Evaluaciones auditivas exhaustivas<\/h5>\t\t\n\t<\/div>\n<\/div>\t\t\t\t<\/div>\n\t\t\t\t<\/div>\n\t\t\t\t<div class=\"elementor-element elementor-element-0dc7138 elementor-widget elementor-widget-link\" data-id=\"0dc7138\" data-element_type=\"widget\" data-widget_type=\"link.default\">\n\t\t\t\t<div class=\"elementor-widget-container\">\n\t\t\t\t\t    <ul id=\"pxl-link-link-0dc7138-1126\" class=\"pxl-link pxl-link-l1  hv-style1 ft-walsheim\" data-wow-delay=\"ms\">\r\n                        <li>\r\n                    <a >\r\n                        <i aria-hidden=\"true\" class=\"far fa-check-circle\"><\/i>                        <span class=\"text-color\">Audiometr\u00eda completa para determinar los niveles de audici\u00f3n y detectar p\u00e9rdidas auditivas.<\/span>\r\n                    <\/a>\r\n                <\/li>\r\n                        <li>\r\n                    <a >\r\n                        <i aria-hidden=\"true\" class=\"far fa-check-circle\"><\/i>                        <span class=\"text-color\">Utilizaci\u00f3n de equipos avanzados como audi\u00f3metros y timpan\u00f3metros para medir la sensibilidad auditiva y la salud del o\u00eddo medio.<\/span>\r\n                    <\/a>\r\n                <\/li>\r\n            <\/ul>\r\n\t\t\t\t<\/div>\n\t\t\t\t<\/div>\n\t\t\t\t<div class=\"elementor-element elementor-element-4224dff elementor-widget elementor-widget-text_editor\" data-id=\"4224dff\" data-element_type=\"widget\" data-widget_type=\"text_editor.default\">\n\t\t\t\t<div class=\"elementor-widget-container\">\n\t\t\t\t\t<div class=\"pxl-text-editor\">\n\t<div class=\"pxl-item--inner\" data-wow-delay=\"ms\">\n\t\t<h5>Evaluaciones de ac\u00fafenos<\/h5>\t\t\n\t<\/div>\n<\/div>\t\t\t\t<\/div>\n\t\t\t\t<\/div>\n\t\t\t\t<div class=\"elementor-element elementor-element-ab1f23c elementor-widget elementor-widget-link\" data-id=\"ab1f23c\" data-element_type=\"widget\" data-widget_type=\"link.default\">\n\t\t\t\t<div class=\"elementor-widget-container\">\n\t\t\t\t\t    <ul id=\"pxl-link-link-ab1f23c-3683\" class=\"pxl-link pxl-link-l1  hv-style1 ft-walsheim\" data-wow-delay=\"ms\">\r\n                        <li>\r\n                    <a >\r\n                        <i aria-hidden=\"true\" class=\"far fa-check-circle\"><\/i>                        <span class=\"text-color\">Diagn\u00f3stico especializado para pacientes que experimentan zumbidos o ruidos en los o\u00eddos.<\/span>\r\n                    <\/a>\r\n                <\/li>\r\n                        <li>\r\n                    <a >\r\n                        <i aria-hidden=\"true\" class=\"far fa-check-circle\"><\/i>                        <span class=\"text-color\">Uso de cuestionarios y pruebas para identificar la gravedad del tinnitus y las opciones de tratamiento.<\/span>\r\n                    <\/a>\r\n                <\/li>\r\n            <\/ul>\r\n\t\t\t\t<\/div>\n\t\t\t\t<\/div>\n\t\t\t\t<div class=\"elementor-element elementor-element-3ea47ea elementor-align-center elementor-widget elementor-widget-el_button\" data-id=\"3ea47ea\" data-element_type=\"widget\" data-widget_type=\"el_button.default\">\n\t\t\t\t<div class=\"elementor-widget-container\">\n\t\t\t\t\t<div id=\"pxl-el_button-3ea47ea-7641\" class=\"pxl-button\">\r\n    <div class=\"pxl-inline-css\"  data-css=\"        \">\r\n    <\/div>\r\n    <a href=\"https:\/\/abetterhear.com\/es_mx\/hearing-care-services\/\" class=\"btn   btn-block-inline    btn-default  pxl-icon--left\" data-wow-delay=\"ms\">\r\n                        \r\n                <span class=\"pxl--btn-text\" data-text=\"Make an Appointment\">\r\n            Concierte una cita        <\/span>\r\n                            <\/a>\r\n<\/div>\t\t\t\t<\/div>\n\t\t\t\t<\/div>\n\t\t            <\/div>\r\n        <\/div>\r\n        \t\t\t<\/div>\n\t\t<\/section>\n\t\t            <\/div>\r\n        <\/div>\r\n        \t\t\t<\/div>\n\t\t<\/section>\n\t\t        <section class=\"elementor-section elementor-top-section elementor-element elementor-element-94c72fd elementor-section-content-middle pxl-row-divider-active pxl-row-divider-wave-animation-bottom2 elementor-section-full_width elementor-section-height-default elementor-section-height-default pxl-type-header-none pxl-row-scroll-none pxl-full-content-with-space-none pxl-bg-color-none pxl-section-overlay-none\" data-id=\"94c72fd\" data-element_type=\"section\">\n\n                \n        <svg class=\"pxl-section-waves pxl-section-waves1\" xmlns=\"http:\/\/www.w3.org\/2000\/svg\" xmlns:xlink=\"http:\/\/www.w3.org\/1999\/xlink\"viewbox=\"0 24 150 28\" preserveaspectratio=\"none\" shape-rendering=\"auto\"><defs><path id=\"pxl-gentle-wave-69e031f5b8689\" d=\"M-160 44c30 0 58-18 88-18s 58 18 88 18 58-18 88-18 58 18 88 18 v44h-352z\" \/><\/defs><g class=\"pxl-wave-parallax\"><use xlink:href=\"#pxl-gentle-wave-69e031f5b8689\" x=\"48\" y=\"0\" \/><use xlink:href=\"#pxl-gentle-wave-69e031f5b8689\" x=\"48\" y=\"3\" \/><use xlink:href=\"#pxl-gentle-wave-69e031f5b8689\" x=\"48\" y=\"5\" \/><use xlink:href=\"#pxl-gentle-wave-69e031f5b8689\" x=\"48\" y=\"7\" \/><\/g><\/svg>        <div class=\"elementor-container elementor-column-gap-extended\">\n                <div class=\"elementor-column elementor-col-33 elementor-top-column elementor-element elementor-element-0b26ea8 pxl-col-none pxl-column-none\" data-id=\"0b26ea8\" data-element_type=\"column\">\r\n        <div class=\"elementor-widget-wrap elementor-element-populated\">\r\n                     \r\n        \t\t<div class=\"elementor-element elementor-element-ad3e4ee elementor-widget elementor-widget-image\" data-id=\"ad3e4ee\" data-element_type=\"widget\" data-widget_type=\"image.default\">\n\t\t\t\t<div class=\"elementor-widget-container\">\n\t\t\t\t\t\t\t\t\t\t\t\t\t\t\t<img decoding=\"async\" src=\"https:\/\/abetterhear.com\/wp-content\/uploads\/elementor\/thumbs\/uhc1-qzhi9z2inh9jjdfa48i0yx5peaz49qvky02cwl5coc.png\" title=\"uhc1\" alt=\"uhc1\" loading=\"lazy\" \/>\t\t\t\t\t\t\t\t\t\t\t\t\t\t\t<\/div>\n\t\t\t\t<\/div>\n\t\t            <\/div>\r\n        <\/div>\r\n                <div class=\"elementor-column elementor-col-33 elementor-top-column elementor-element elementor-element-ceb5992 pxl-col-none pxl-column-none\" data-id=\"ceb5992\" data-element_type=\"column\">\r\n        <div class=\"elementor-widget-wrap elementor-element-populated\">\r\n                     \r\n        \t\t<div class=\"elementor-element elementor-element-2f457f2 elementor-widget elementor-widget-image\" data-id=\"2f457f2\" data-element_type=\"widget\" data-widget_type=\"image.default\">\n\t\t\t\t<div class=\"elementor-widget-container\">\n\t\t\t\t\t\t\t\t\t\t\t\t\t\t\t<img fetchpriority=\"high\" decoding=\"async\" width=\"1024\" height=\"435\" src=\"https:\/\/abetterhear.com\/wp-content\/uploads\/2025\/01\/UH_Packshot_V-4RICs-V-4BTEs-B-2ITEs-CMYK-actualsize_2000x850-1024x435.png\" class=\"attachment-large size-large wp-image-2698\" alt=\"\" srcset=\"https:\/\/abetterhear.com\/wp-content\/uploads\/2025\/01\/UH_Packshot_V-4RICs-V-4BTEs-B-2ITEs-CMYK-actualsize_2000x850-1024x435.png 1024w, https:\/\/abetterhear.com\/wp-content\/uploads\/2025\/01\/UH_Packshot_V-4RICs-V-4BTEs-B-2ITEs-CMYK-actualsize_2000x850-300x128.png 300w, https:\/\/abetterhear.com\/wp-content\/uploads\/2025\/01\/UH_Packshot_V-4RICs-V-4BTEs-B-2ITEs-CMYK-actualsize_2000x850-768x326.png 768w, https:\/\/abetterhear.com\/wp-content\/uploads\/2025\/01\/UH_Packshot_V-4RICs-V-4BTEs-B-2ITEs-CMYK-actualsize_2000x850-1536x653.png 1536w, https:\/\/abetterhear.com\/wp-content\/uploads\/2025\/01\/UH_Packshot_V-4RICs-V-4BTEs-B-2ITEs-CMYK-actualsize_2000x850-18x8.png 18w, https:\/\/abetterhear.com\/wp-content\/uploads\/2025\/01\/UH_Packshot_V-4RICs-V-4BTEs-B-2ITEs-CMYK-actualsize_2000x850-1170x497.png 1170w, https:\/\/abetterhear.com\/wp-content\/uploads\/2025\/01\/UH_Packshot_V-4RICs-V-4BTEs-B-2ITEs-CMYK-actualsize_2000x850.png 2000w\" sizes=\"(max-width: 1024px) 100vw, 1024px\" \/>\t\t\t\t\t\t\t\t\t\t\t\t\t\t\t<\/div>\n\t\t\t\t<\/div>\n\t\t            <\/div>\r\n        <\/div>\r\n                <div class=\"elementor-column elementor-col-33 elementor-top-column elementor-element elementor-element-5c3dc9f pxl-col-none pxl-column-none\" data-id=\"5c3dc9f\" data-element_type=\"column\">\r\n        <div class=\"elementor-widget-wrap elementor-element-populated\">\r\n                     \r\n        \t\t<div class=\"elementor-element elementor-element-c2337f6 elementor-widget elementor-widget-image\" data-id=\"c2337f6\" data-element_type=\"widget\" data-widget_type=\"image.default\">\n\t\t\t\t<div class=\"elementor-widget-container\">\n\t\t\t\t\t\t\t\t\t\t\t\t\t\t\t<img decoding=\"async\" src=\"https:\/\/abetterhear.com\/wp-content\/uploads\/elementor\/thumbs\/unitron1-qzhi9x6u9t6yw5i0f7ortxms7j8duco49qrdy184w2.png\" title=\"unitron1\" alt=\"unitron1\" loading=\"lazy\" \/>\t\t\t\t\t\t\t\t\t\t\t\t\t\t\t<\/div>\n\t\t\t\t<\/div>\n\t\t            <\/div>\r\n        <\/div>\r\n        \t\t\t<\/div>\n\t\t<\/section>\n\t\t\t\t<\/div>","protected":false},"excerpt":{"rendered":"<p>Services Preventive Hearing Protection Custom earplugs and guidance to prevent hearing damage from noise or infections. Custom Earplugs Custom-made hearing protectors for musicians, workers in noisy environments, and swimmers. Hearing Protection Counseling Guidance on how to prevent hearing loss due to noise exposure or recurring infections. Make an Appointment Speech Recognition Tests Assessments to determine [&hellip;]<\/p>","protected":false},"author":1,"featured_media":0,"parent":0,"menu_order":0,"comment_status":"closed","ping_status":"closed","template":"","meta":{"footnotes":""},"class_list":["post-2722","page","type-page","status-publish","hentry"],"_links":{"self":[{"href":"https:\/\/abetterhear.com\/es_mx\/wp-json\/wp\/v2\/pages\/2722","targetHints":{"allow":["GET"]}}],"collection":[{"href":"https:\/\/abetterhear.com\/es_mx\/wp-json\/wp\/v2\/pages"}],"about":[{"href":"https:\/\/abetterhear.com\/es_mx\/wp-json\/wp\/v2\/types\/page"}],"author":[{"embeddable":true,"href":"https:\/\/abetterhear.com\/es_mx\/wp-json\/wp\/v2\/users\/1"}],"replies":[{"embeddable":true,"href":"https:\/\/abetterhear.com\/es_mx\/wp-json\/wp\/v2\/comments?post=2722"}],"version-history":[{"count":4,"href":"https:\/\/abetterhear.com\/es_mx\/wp-json\/wp\/v2\/pages\/2722\/revisions"}],"predecessor-version":[{"id":2726,"href":"https:\/\/abetterhear.com\/es_mx\/wp-json\/wp\/v2\/pages\/2722\/revisions\/2726"}],"wp:attachment":[{"href":"https:\/\/abetterhear.com\/es_mx\/wp-json\/wp\/v2\/media?parent=2722"}],"curies":[{"name":"wp","href":"https:\/\/api.w.org\/{rel}","templated":true}]}}